{"id":69,"date":"2025-01-15T18:02:58","date_gmt":"2025-01-15T17:02:58","guid":{"rendered":"https:\/\/art-in-vielfalt.de\/?page_id=69"},"modified":"2025-03-31T20:23:26","modified_gmt":"2025-03-31T19:23:26","slug":"galerie","status":"publish","type":"page","link":"https:\/\/art-in-vielfalt.de\/?page_id=69","title":{"rendered":"Galerie"},"content":{"rendered":"\n<h2>\n\t\t<b>Galerie<\/b>\n\t<\/h2>\n\t\t\t\t<a href=\"https:\/\/art-in-vielfalt.de\/?page_id=81\"  target=\"_self\" itemprop=\"url\">\n\t\t\t\t<img loading=\"lazy\" decoding=\"async\" src=\"https:\/\/art-in-vielfalt.de\/wp-content\/uploads\/2025\/03\/IMG_2419_web.jpg\" alt=\"IMG_2419_web\" itemprop=\"image\" height=\"1365\" width=\"2048\" title=\"IMG_2419_web\" onerror=\"this.style.display='none'\"  \/>\n\t\t\t\t<\/a>\n<h2>\n\t\t<b>Kalligrafie<\/b>\n\t<\/h2>\n\t<p>ist die Kunst des sch\u00f6nen Schreibens. Sie verbindet Pr\u00e4zision, Harmonie und Ausdruck in jeder Linie. Jede geschwungene Form und jeder Strich erz\u00e4hlen eine Geschichte von Eleganz und \u00c4sthetik.<\/p>\n<p><em><strong><a href=\"https:\/\/art-in-vielfalt.de\/?page_id=81\">Mehr Anzeigen<\/a><\/strong><\/em><\/p>\n\t\t\t\t<a href=\"https:\/\/art-in-vielfalt.de\/?page_id=82\"  target=\"_self\" itemprop=\"url\">\n\t\t\t\t<img loading=\"lazy\" decoding=\"async\" src=\"https:\/\/art-in-vielfalt.de\/wp-content\/uploads\/2025\/03\/IMG_2398_web.jpg\" alt=\"IMG_2398_web\" itemprop=\"image\" height=\"1365\" width=\"2048\" title=\"IMG_2398_web\" onerror=\"this.style.display='none'\"  \/>\n\t\t\t\t<\/a>\n<h2>\n\t\t<b>Malerei<\/b>\n\t<\/h2>\n\t<p>ist eine Kunstform, bei der Farben auf eine Oberfl\u00e4che wie Leinwand oder Papier aufgetragen werden. Sie nutzt verschiedene Techniken wie Acryl- oder Aquarellmalerei und besch\u00e4ftigt sich mit Elementen wie Farbe, Komposition und Licht.<\/p>\n<p><em><strong><a href=\"https:\/\/art-in-vielfalt.de\/?page_id=82\">Mehr Anzeigen<\/a><\/strong><\/em><\/p>\n\n","protected":false},"excerpt":{"rendered":"<p>Galerie Kalligrafie ist die Kunst des sch\u00f6nen Schreibens. Sie verbindet Pr\u00e4zision, Harmonie und Ausdruck in jeder Linie. Jede geschwungene Form [&hellip;]<\/p>\n","protected":false},"author":1,"featured_media":0,"parent":0,"menu_order":0,"comment_status":"closed","ping_status":"closed","template":"","meta":{"site-sidebar-layout":"default","site-content-layout":"","ast-site-content-layout":"default","site-content-style":"default","site-sidebar-style":"default","ast-global-header-display":"","ast-banner-title-visibility":"","ast-main-header-display":"","ast-hfb-above-header-display":"","ast-hfb-below-header-display":"","ast-hfb-mobile-header-display":"","site-post-title":"","ast-breadcrumbs-content":"","ast-featured-img":"","footer-sml-layout":"","ast-disable-related-posts":"","theme-transparent-header-meta":"","adv-header-id-meta":"","stick-header-meta":"","header-above-stick-meta":"","header-main-stick-meta":"","header-below-stick-meta":"","astra-migrate-meta-layouts":"default","ast-page-background-enabled":"default","ast-page-background-meta":{"desktop":{"background-color":"var(--ast-global-color-5)","background-image":"","background-repeat":"repeat","background-position":"center center","background-size":"auto","background-attachment":"scroll","background-type":"","background-media":"","overlay-type":"","overlay-color":"","overlay-opacity":"","overlay-gradient":""},"tablet":{"background-color":"","background-image":"","background-repeat":"repeat","background-position":"center center","background-size":"auto","background-attachment":"scroll","background-type":"","background-media":"","overlay-type":"","overlay-color":"","overlay-opacity":"","overlay-gradient":""},"mobile":{"background-color":"","background-image":"","background-repeat":"repeat","background-position":"center center","background-size":"auto","background-attachment":"scroll","background-type":"","background-media":"","overlay-type":"","overlay-color":"","overlay-opacity":"","overlay-gradient":""}},"ast-content-background-meta":{"desktop":{"background-color":"var(--ast-global-color-4)","background-image":"","background-repeat":"repeat","background-position":"center center","background-size":"auto","background-attachment":"scroll","background-type":"","background-media":"","overlay-type":"","overlay-color":"","overlay-opacity":"","overlay-gradient":""},"tablet":{"background-color":"var(--ast-global-color-4)","background-image":"","background-repeat":"repeat","background-position":"center center","background-size":"auto","background-attachment":"scroll","background-type":"","background-media":"","overlay-type":"","overlay-color":"","overlay-opacity":"","overlay-gradient":""},"mobile":{"background-color":"var(--ast-global-color-4)","background-image":"","background-repeat":"repeat","background-position":"center center","background-size":"auto","background-attachment":"scroll","background-type":"","background-media":"","overlay-type":"","overlay-color":"","overlay-opacity":"","overlay-gradient":""}},"footnotes":""},"class_list":["post-69","page","type-page","status-publish","hentry"],"_links":{"self":[{"href":"https:\/\/art-in-vielfalt.de\/index.php?rest_route=\/wp\/v2\/pages\/69","targetHints":{"allow":["GET"]}}],"collection":[{"href":"https:\/\/art-in-vielfalt.de\/index.php?rest_route=\/wp\/v2\/pages"}],"about":[{"href":"https:\/\/art-in-vielfalt.de\/index.php?rest_route=\/wp\/v2\/types\/page"}],"author":[{"embeddable":true,"href":"https:\/\/art-in-vielfalt.de\/index.php?rest_route=\/wp\/v2\/users\/1"}],"replies":[{"embeddable":true,"href":"https:\/\/art-in-vielfalt.de\/index.php?rest_route=%2Fwp%2Fv2%2Fcomments&post=69"}],"version-history":[{"count":10,"href":"https:\/\/art-in-vielfalt.de\/index.php?rest_route=\/wp\/v2\/pages\/69\/revisions"}],"predecessor-version":[{"id":937,"href":"https:\/\/art-in-vielfalt.de\/index.php?rest_route=\/wp\/v2\/pages\/69\/revisions\/937"}],"wp:attachment":[{"href":"https:\/\/art-in-vielfalt.de\/index.php?rest_route=%2Fwp%2Fv2%2Fmedia&parent=69"}],"curies":[{"name":"wp","href":"https:\/\/api.w.org\/{rel}","templated":true}]}}