{"id":664,"date":"2025-03-03T17:00:53","date_gmt":"2025-03-03T16:00:53","guid":{"rendered":"https:\/\/art-in-vielfalt.de\/?page_id=664"},"modified":"2025-03-31T20:04:16","modified_gmt":"2025-03-31T19:04:16","slug":"ueber-mich","status":"publish","type":"page","link":"https:\/\/art-in-vielfalt.de\/?page_id=664","title":{"rendered":"\u00dcber mich.."},"content":{"rendered":"\n<h2>\n\t\t<b>Mein Weg zur Malerei<\/b>\n\t<\/h2>\n\tGeboren im wundersch\u00f6nen Vorpommern im Jahre 1986 fand ich als kleines M\u00e4dchen fr\u00fch Freude am Malen.<br \/>\nDer erste k\u00fcnstlerische Ausbruch begegnete mir in der Grundschule, in dem ich das Fell eines Teddys Zottel malte, statt wie von der Lehrerin vorgegeben, sch\u00f6n schraffiert in eine Richtung. Das Malen begleitete mich nicht nur in der Schule, auch nahm ich fr\u00fch an Malwettbewerben teil, wo ich bei einem Malwettbewerb der Quelle-Agenturen 1994 auch den zweiten Platz erreichte.<br \/>\nIm jugendlichen Alter und mit eigenem Fernseher im Zimmer entgingen mir nat\u00fcrlich nicht die n\u00e4chtlichen Sessions von Bob Ross Malereien mit \u201eJust a happy little accident&#8220; und inspirierten mich zur Landschaftsmalerei.<br \/>\nIm Kunstunterricht angebotene Materialien lie\u00dfen mich die Malerei mit \u00d6l probieren. Freude fand ich final an der Acrylfarbe sowie an Aquarellen und Buntstiftzeichnungen.\n<p>Viele Jahre nebenbei, nur selten als Hobby, konnte ich die Malerei verfolgen. Mit Haus und Hof und einen Abstellzimmer hatte ich nun als verheiratete erwachsene Frau und Mutter die M\u00f6glichkeit, mich selbst zu verwirklichen. Kurz um:\u00a0 Abstellzimmer aussortiert &#8211; Atelier eingerichtet.<\/p>\n<p>Nun kann ich mich verwirklichen, Ideen auch mal liegen lassen und zu anderen Zeiten vervollst\u00e4ndigen oder fertigstellen.<\/p>\n\t\t\t\t<img loading=\"lazy\" decoding=\"async\" src=\"https:\/\/art-in-vielfalt.de\/wp-content\/uploads\/2025\/03\/IMG_2429_web-1024x683.jpg\" alt=\"IMG_2429_web\" itemprop=\"image\" height=\"683\" width=\"1024\" title=\"IMG_2429_web\" onerror=\"this.style.display='none'\"  \/>\n<h2>\n\t\t<b>Aquarell<\/b>\n\t<\/h2>\n\t<p>Interessiert\u00a0 und mehr aus einer Laune heraus geboren, experimentierte ich auf kleinen Aquarellpostkarten die ersten Motive in Aquarell zu malen. Vormals taten es die Aquarell Buntstifte von Farber Castell, die mich erst zeichnen und das Ganze verw\u00e4ssern lie\u00dfen.<\/p>\n<p>Warum denn nicht auch gleich mit Pinsel malen?! Dieses kleine Malen von Motiven mit Aquarell zieht sich bis heute durch. Auf Reisen immer griffparat in einer etwas gr\u00f6\u00dferen Brotdose: der kleine Postkarten-Aquarellblock und eine kleine Farbpalette. Wasser findet sich \u00fcberall und die Motive sowieso.<\/p>\n\t\t\t\t<img loading=\"lazy\" decoding=\"async\" src=\"https:\/\/art-in-vielfalt.de\/wp-content\/uploads\/2025\/03\/IMG_2459_web-1024x683.jpg\" alt=\"IMG_2459_web\" itemprop=\"image\" height=\"683\" width=\"1024\" title=\"IMG_2459_web\" onerror=\"this.style.display='none'\"  \/>\n<h2>\n\t\t<b>Kalligraphie<\/b>\n\t<\/h2>\n\t<p>Mit f\u00fcr meine Eltern schrecklichem Schriftbild startete ich in der Grundschule das Schreiben. Zur Verbesserung des Schriftbildes war ich angehalten, Seiten aus von mir in Bibliotheken ausgeliehenen B\u00fcchern abzuschreiben. Bis mein Schriftbild \u201esauber&#8220; war. Im Laufe der Schuljahre und je nach Lust am Unterricht, entwickelten sich auch so schon verschiedene Schriftbilder. Farblich gestaltete saubere Schriften bis hin zu fast unleserlichen Notizen mit Kritzeleien. Dabei schon immer interessant waren die Stiftarten und die daraus folgenden Schreibm\u00f6glichkeiten und anderes Schreib-Gef\u00fchl.<\/p>\n<p>Auch in der Freizeit gestalterisch, versuchte ich, verschiedene Schriftarten zu meinen zu machen, doch es fehlte das Durchhalteverm\u00f6gen.<\/p>\n<p>Vor einigen Jahren kam dann der so genannte Aha-Effekt w\u00e4hrend eines Kalligraphie-Kurses, den ich nun endlich anging. Hier die Grundlagen der Technik erlernt, er\u00f6ffneten sich v\u00f6llig neue Wege, nicht nur das einfache und sehr gerade Schreiben und der Schrift entsprechen. Auch freie Schriften machte ich zu meinen. Immer experimentierfreudig an neuen Schriften, Materialien, Schreibutensilien und zu beschreibenden Unterlagen entstehen so sowohl Schriften und Schriftz\u00fcge als auch ganze Schrift-Bilder.<\/p>\n\t\t\t\t<img loading=\"lazy\" decoding=\"async\" src=\"https:\/\/art-in-vielfalt.de\/wp-content\/uploads\/2025\/03\/IMG_2479_web.jpg\" alt=\"IMG_2479_web\" itemprop=\"image\" height=\"1365\" width=\"2048\" title=\"IMG_2479_web\" onerror=\"this.style.display='none'\"  \/>\n\n","protected":false},"excerpt":{"rendered":"<p>Mein Weg zur Malerei Geboren im wundersch\u00f6nen Vorpommern im Jahre 1986 fand ich als kleines M\u00e4dchen fr\u00fch Freude am Malen. [&hellip;]<\/p>\n","protected":false},"author":1,"featured_media":0,"parent":0,"menu_order":0,"comment_status":"closed","ping_status":"closed","template":"","meta":{"site-sidebar-layout":"default","site-content-layout":"","ast-site-content-layout":"default","site-content-style":"default","site-sidebar-style":"default","ast-global-header-display":"","ast-banner-title-visibility":"","ast-main-header-display":"","ast-hfb-above-header-display":"","ast-hfb-below-header-display":"","ast-hfb-mobile-header-display":"","site-post-title":"","ast-breadcrumbs-content":"","ast-featured-img":"","footer-sml-layout":"","ast-disable-related-posts":"","theme-transparent-header-meta":"","adv-header-id-meta":"","stick-header-meta":"","header-above-stick-meta":"","header-main-stick-meta":"","header-below-stick-meta":"","astra-migrate-meta-layouts":"default","ast-page-background-enabled":"default","ast-page-background-meta":{"desktop":{"background-color":"var(--ast-global-color-5)","background-image":"","background-repeat":"repeat","background-position":"center center","background-size":"auto","background-attachment":"scroll","background-type":"","background-media":"","overlay-type":"","overlay-color":"","overlay-opacity":"","overlay-gradient":""},"tablet":{"background-color":"","background-image":"","background-repeat":"repeat","background-position":"center center","background-size":"auto","background-attachment":"scroll","background-type":"","background-media":"","overlay-type":"","overlay-color":"","overlay-opacity":"","overlay-gradient":""},"mobile":{"background-color":"","background-image":"","background-repeat":"repeat","background-position":"center center","background-size":"auto","background-attachment":"scroll","background-type":"","background-media":"","overlay-type":"","overlay-color":"","overlay-opacity":"","overlay-gradient":""}},"ast-content-background-meta":{"desktop":{"background-color":"var(--ast-global-color-4)","background-image":"","background-repeat":"repeat","background-position":"center center","background-size":"auto","background-attachment":"scroll","background-type":"","background-media":"","overlay-type":"","overlay-color":"","overlay-opacity":"","overlay-gradient":""},"tablet":{"background-color":"var(--ast-global-color-4)","background-image":"","background-repeat":"repeat","background-position":"center center","background-size":"auto","background-attachment":"scroll","background-type":"","background-media":"","overlay-type":"","overlay-color":"","overlay-opacity":"","overlay-gradient":""},"mobile":{"background-color":"var(--ast-global-color-4)","background-image":"","background-repeat":"repeat","background-position":"center center","background-size":"auto","background-attachment":"scroll","background-type":"","background-media":"","overlay-type":"","overlay-color":"","overlay-opacity":"","overlay-gradient":""}},"footnotes":""},"class_list":["post-664","page","type-page","status-publish","hentry"],"_links":{"self":[{"href":"https:\/\/art-in-vielfalt.de\/index.php?rest_route=\/wp\/v2\/pages\/664","targetHints":{"allow":["GET"]}}],"collection":[{"href":"https:\/\/art-in-vielfalt.de\/index.php?rest_route=\/wp\/v2\/pages"}],"about":[{"href":"https:\/\/art-in-vielfalt.de\/index.php?rest_route=\/wp\/v2\/types\/page"}],"author":[{"embeddable":true,"href":"https:\/\/art-in-vielfalt.de\/index.php?rest_route=\/wp\/v2\/users\/1"}],"replies":[{"embeddable":true,"href":"https:\/\/art-in-vielfalt.de\/index.php?rest_route=%2Fwp%2Fv2%2Fcomments&post=664"}],"version-history":[{"count":9,"href":"https:\/\/art-in-vielfalt.de\/index.php?rest_route=\/wp\/v2\/pages\/664\/revisions"}],"predecessor-version":[{"id":926,"href":"https:\/\/art-in-vielfalt.de\/index.php?rest_route=\/wp\/v2\/pages\/664\/revisions\/926"}],"wp:attachment":[{"href":"https:\/\/art-in-vielfalt.de\/index.php?rest_route=%2Fwp%2Fv2%2Fmedia&parent=664"}],"curies":[{"name":"wp","href":"https:\/\/api.w.org\/{rel}","templated":true}]}}