{"id":47,"date":"2025-01-15T17:25:33","date_gmt":"2025-01-15T16:25:33","guid":{"rendered":"https:\/\/art-in-vielfalt.de\/?page_id=47"},"modified":"2026-04-11T11:57:15","modified_gmt":"2026-04-11T10:57:15","slug":"startseite","status":"publish","type":"page","link":"https:\/\/art-in-vielfalt.de\/","title":{"rendered":"Startseite"},"content":{"rendered":"\n\n    Ein Bild muss nicht erfunden, sondern empfunden sein.\n    <br \/>\n    (Caspar David Friedrich)\n<!-- Google Fonts Einbindung f\u00fcr Allura -->\n<link href=\"https:\/\/fonts.googleapis.com\/css2?family=Allura&#038;display=swap\" rel=\"stylesheet\"\/>\n\tSo viele Facetten wie das Leben hat, so vielf\u00e4ltig, kann auch Kunst sein. Eine Vielfalt aus meiner Kunst und Kunstinteressen findet ihr nun auf dieser Seite. Dabei ist es manchmal auch die Art, nicht nur die Art und Weise, nicht nur die verschiedene Art der Malerei, sondern auch die Art &#8211; die Kunst &#8211; als eben solches.\n\t\t\t\t<a href=\"https:\/\/art-in-vielfalt.de\/?page_id=704\"  target=\"_self\" itemprop=\"url\">\n\t\t\t\t<img decoding=\"async\" src=\"https:\/\/art-in-vielfalt.de\/wp-content\/uploads\/2025\/03\/IMG_2438_web-1024x683.jpg\" alt=\"IMG_2438_web\" itemprop=\"image\" height=\"683\" width=\"1024\" title=\"IMG_2438_web\" onerror=\"this.style.display='none'\" loading=\"lazy\" \/>\n\t\t\t\t<\/a>\n<h3>\n\t\t\t<b>Ausstellungen und Events<\/b>\t<\/h3>\n\t<p>Hier findet ihr eine \u00dcbersicht der Ausstellungen und Events, bei denen ich vertreten bin.<\/p>\n<p><em><strong><a href=\"https:\/\/art-in-vielfalt.de\/?page_id=704\">Mehr Anzeigen<\/a><\/strong><\/em><\/p>\n\t\t\t\t<a href=\"https:\/\/art-in-vielfalt.de\/?page_id=81\"  target=\"_self\" itemprop=\"url\">\n\t\t\t\t<img decoding=\"async\" src=\"https:\/\/art-in-vielfalt.de\/wp-content\/uploads\/2025\/03\/IMG_2419_web-1024x683.jpg\" alt=\"IMG_2419_web\" itemprop=\"image\" height=\"683\" width=\"1024\" title=\"IMG_2419_web\" onerror=\"this.style.display='none'\" loading=\"lazy\" \/>\n\t\t\t\t<\/a>\n<h3>\n\t\t\t<b>Kalligraphie<\/b>\t<\/h3>\n\t<p>ist die Kunst des sch\u00f6nen Schreibens. Sie verbindet Pr\u00e4zision, Harmonie und Ausdruck in jeder Linie. Jede geschwungene Form und jeder Strich erz\u00e4hlen eine Geschichte von Eleganz und \u00c4sthetik.<\/p>\n<p><em><strong><a href=\"https:\/\/art-in-vielfalt.de\/?page_id=81\">Mehr Anzeigen<\/a><\/strong><\/em><\/p>\n\t\t\t\t<a href=\"https:\/\/art-in-vielfalt.de\/?page_id=82\"  target=\"_self\" itemprop=\"url\">\n\t\t\t\t<img decoding=\"async\" src=\"https:\/\/art-in-vielfalt.de\/wp-content\/uploads\/2025\/03\/IMG_2398_web-1024x683.jpg\" alt=\"IMG_2398_web\" itemprop=\"image\" height=\"683\" width=\"1024\" title=\"IMG_2398_web\" onerror=\"this.style.display='none'\" loading=\"lazy\" \/>\n\t\t\t\t<\/a>\n<h3>\n\t\t\t<b>Malerei<\/b>\t<\/h3>\n\t<p>ist eine Kunstform, bei der Farben auf eine Oberfl\u00e4che wie Leinwand oder Papier aufgetragen werden. Sie nutzt verschiedene Techniken wie\u00a0 Acryl- oder Aquarellmalerei und besch\u00e4ftigt sich mit Elementen wie Farbe, Komposition und Licht.<\/p>\n<p><em><strong><a href=\"https:\/\/art-in-vielfalt.de\/?page_id=82\">Mehr Anzeigen<\/a><\/strong><\/em><\/p>\n\n","protected":false},"excerpt":{"rendered":"<p>Ein Bild muss nicht erfunden, sondern empfunden sein. (Caspar David Friedrich) So viele Facetten wie das Leben hat, so vielf\u00e4ltig, [&hellip;]<\/p>\n","protected":false},"author":1,"featured_media":0,"parent":0,"menu_order":0,"comment_status":"closed","ping_status":"closed","template":"","meta":{"site-sidebar-layout":"default","site-content-layout":"","ast-site-content-layout":"default","site-content-style":"default","site-sidebar-style":"default","ast-global-header-display":"","ast-banner-title-visibility":"","ast-main-header-display":"","ast-hfb-above-header-display":"","ast-hfb-below-header-display":"","ast-hfb-mobile-header-display":"","site-post-title":"","ast-breadcrumbs-content":"","ast-featured-img":"","footer-sml-layout":"","ast-disable-related-posts":"","theme-transparent-header-meta":"","adv-header-id-meta":"","stick-header-meta":"","header-above-stick-meta":"","header-main-stick-meta":"","header-below-stick-meta":"","astra-migrate-meta-layouts":"default","ast-page-background-enabled":"default","ast-page-background-meta":{"desktop":{"background-color":"var(--ast-global-color-5)","background-image":"","background-repeat":"repeat","background-position":"center center","background-size":"auto","background-attachment":"scroll","background-type":"","background-media":"","overlay-type":"","overlay-color":"","overlay-opacity":"","overlay-gradient":""},"tablet":{"background-color":"","background-image":"","background-repeat":"repeat","background-position":"center center","background-size":"auto","background-attachment":"scroll","background-type":"","background-media":"","overlay-type":"","overlay-color":"","overlay-opacity":"","overlay-gradient":""},"mobile":{"background-color":"","background-image":"","background-repeat":"repeat","background-position":"center center","background-size":"auto","background-attachment":"scroll","background-type":"","background-media":"","overlay-type":"","overlay-color":"","overlay-opacity":"","overlay-gradient":""}},"ast-content-background-meta":{"desktop":{"background-color":"var(--ast-global-color-4)","background-image":"","background-repeat":"repeat","background-position":"center center","background-size":"auto","background-attachment":"scroll","background-type":"","background-media":"","overlay-type":"","overlay-color":"","overlay-opacity":"","overlay-gradient":""},"tablet":{"background-color":"var(--ast-global-color-4)","background-image":"","background-repeat":"repeat","background-position":"center center","background-size":"auto","background-attachment":"scroll","background-type":"","background-media":"","overlay-type":"","overlay-color":"","overlay-opacity":"","overlay-gradient":""},"mobile":{"background-color":"var(--ast-global-color-4)","background-image":"","background-repeat":"repeat","background-position":"center center","background-size":"auto","background-attachment":"scroll","background-type":"","background-media":"","overlay-type":"","overlay-color":"","overlay-opacity":"","overlay-gradient":""}},"footnotes":""},"class_list":["post-47","page","type-page","status-publish","hentry"],"_links":{"self":[{"href":"https:\/\/art-in-vielfalt.de\/index.php?rest_route=\/wp\/v2\/pages\/47","targetHints":{"allow":["GET"]}}],"collection":[{"href":"https:\/\/art-in-vielfalt.de\/index.php?rest_route=\/wp\/v2\/pages"}],"about":[{"href":"https:\/\/art-in-vielfalt.de\/index.php?rest_route=\/wp\/v2\/types\/page"}],"author":[{"embeddable":true,"href":"https:\/\/art-in-vielfalt.de\/index.php?rest_route=\/wp\/v2\/users\/1"}],"replies":[{"embeddable":true,"href":"https:\/\/art-in-vielfalt.de\/index.php?rest_route=%2Fwp%2Fv2%2Fcomments&post=47"}],"version-history":[{"count":11,"href":"https:\/\/art-in-vielfalt.de\/index.php?rest_route=\/wp\/v2\/pages\/47\/revisions"}],"predecessor-version":[{"id":1073,"href":"https:\/\/art-in-vielfalt.de\/index.php?rest_route=\/wp\/v2\/pages\/47\/revisions\/1073"}],"wp:attachment":[{"href":"https:\/\/art-in-vielfalt.de\/index.php?rest_route=%2Fwp%2Fv2%2Fmedia&parent=47"}],"curies":[{"name":"wp","href":"https:\/\/api.w.org\/{rel}","templated":true}]}}